{"id":1693,"date":"2025-07-21T17:43:44","date_gmt":"2025-07-21T17:43:44","guid":{"rendered":"https:\/\/pixammo.com\/?page_id=1693"},"modified":"2025-07-29T21:24:30","modified_gmt":"2025-07-29T21:24:30","slug":"nosotros","status":"publish","type":"page","link":"https:\/\/pixammo.com\/en\/nosotros\/","title":{"rendered":"Us"},"content":{"rendered":"<div data-elementor-type=\"wp-page\" data-elementor-id=\"1693\" class=\"elementor elementor-1693\">\n\t\t\t\t\t\t<section class=\"elementor-section elementor-top-section elementor-element elementor-element-52d31cb1 elementor-section-boxed elementor-section-height-default elementor-section-height-default\" data-id=\"52d31cb1\" data-element_type=\"section\" data-e-type=\"section\" data-settings=\"{&quot;background_background&quot;:&quot;classic&quot;}\">\n\t\t\t\t\t\t\t<div class=\"elementor-background-overlay\"><\/div>\n\t\t\t\t\t\t\t<div class=\"elementor-container elementor-column-gap-default\">\n\t\t\t\t\t<div class=\"elementor-column elementor-col-100 elementor-top-column elementor-element elementor-element-4ddadaab\" data-id=\"4ddadaab\" data-element_type=\"column\" data-e-type=\"column\">\n\t\t\t<div class=\"elementor-widget-wrap elementor-element-populated\">\n\t\t\t\t\t\t<div class=\"elementor-element elementor-element-6581120c elementor-invisible elementor-widget elementor-widget-heading\" data-id=\"6581120c\" data-element_type=\"widget\" data-e-type=\"widget\" data-settings=\"{&quot;_animation&quot;:&quot;fadeInUp&quot;,&quot;_animation_delay&quot;:50}\" data-widget_type=\"heading.default\">\n\t\t\t\t<div class=\"elementor-widget-container\">\n\t\t\t\t\t<h2 class=\"elementor-heading-title elementor-size-default\">Us<\/h2>\t\t\t\t<\/div>\n\t\t\t\t<\/div>\n\t\t\t\t\t<\/div>\n\t\t<\/div>\n\t\t\t\t\t<\/div>\n\t\t<\/section>\n\t\t\t\t<section class=\"elementor-section elementor-top-section elementor-element elementor-element-75192080 elementor-section-boxed elementor-section-height-default elementor-section-height-default\" data-id=\"75192080\" data-element_type=\"section\" data-e-type=\"section\">\n\t\t\t\t\t\t<div class=\"elementor-container elementor-column-gap-default\">\n\t\t\t\t\t<div class=\"elementor-column elementor-col-100 elementor-top-column elementor-element elementor-element-66ffab04\" data-id=\"66ffab04\" data-element_type=\"column\" data-e-type=\"column\">\n\t\t\t<div class=\"elementor-widget-wrap elementor-element-populated\">\n\t\t\t\t\t\t<section class=\"elementor-section elementor-inner-section elementor-element elementor-element-11f5a371 elementor-section-boxed elementor-section-height-default elementor-section-height-default\" data-id=\"11f5a371\" data-element_type=\"section\" data-e-type=\"section\">\n\t\t\t\t\t\t<div class=\"elementor-container elementor-column-gap-default\">\n\t\t\t\t\t<div class=\"elementor-column elementor-col-50 elementor-inner-column elementor-element elementor-element-1c200551\" data-id=\"1c200551\" data-element_type=\"column\" data-e-type=\"column\">\n\t\t\t<div class=\"elementor-widget-wrap elementor-element-populated\">\n\t\t\t\t\t\t<div class=\"elementor-element elementor-element-12c687ee elementor-widget-divider--view-line_text elementor-widget-divider--element-align-right elementor-invisible elementor-widget elementor-widget-divider\" data-id=\"12c687ee\" data-element_type=\"widget\" data-e-type=\"widget\" data-settings=\"{&quot;_animation&quot;:&quot;fadeInUp&quot;,&quot;_animation_delay&quot;:150}\" data-widget_type=\"divider.default\">\n\t\t\t\t<div class=\"elementor-widget-container\">\n\t\t\t\t\t\t\t<div class=\"elementor-divider\">\n\t\t\t<span class=\"elementor-divider-separator\">\n\t\t\t\t\t\t\t<h6 class=\"elementor-divider__text elementor-divider__element\">\n\t\t\t\tAbout Pixammo\t\t\t\t<\/h6>\n\t\t\t\t\t\t<\/span>\n\t\t<\/div>\n\t\t\t\t\t\t<\/div>\n\t\t\t\t<\/div>\n\t\t\t\t<div class=\"elementor-element elementor-element-6d29bf66 elementor-widget__width-initial elementor-invisible elementor-widget elementor-widget-heading\" data-id=\"6d29bf66\" data-element_type=\"widget\" data-e-type=\"widget\" data-settings=\"{&quot;_animation&quot;:&quot;fadeInUp&quot;,&quot;_animation_delay&quot;:250}\" data-widget_type=\"heading.default\">\n\t\t\t\t<div class=\"elementor-widget-container\">\n\t\t\t\t\t<h2 class=\"elementor-heading-title elementor-size-default\">Projects that inspire<\/h2>\t\t\t\t<\/div>\n\t\t\t\t<\/div>\n\t\t\t\t\t<\/div>\n\t\t<\/div>\n\t\t\t\t<div class=\"elementor-column elementor-col-50 elementor-inner-column elementor-element elementor-element-250be082\" data-id=\"250be082\" data-element_type=\"column\" data-e-type=\"column\">\n\t\t\t<div class=\"elementor-widget-wrap elementor-element-populated\">\n\t\t\t\t\t\t<div class=\"elementor-element elementor-element-748905ec elementor-widget__width-initial elementor-widget-mobile__width-inherit elementor-invisible elementor-widget elementor-widget-text-editor\" data-id=\"748905ec\" data-element_type=\"widget\" data-e-type=\"widget\" data-settings=\"{&quot;_animation&quot;:&quot;fadeInUp&quot;,&quot;_animation_delay&quot;:350}\" data-widget_type=\"text-editor.default\">\n\t\t\t\t<div class=\"elementor-widget-container\">\n\t\t\t\t\t\t\t\t\t<p><strong>At Pixammo Studio\u2019s<\/strong>, we combine talent, creativity and vision to transform your ideas into unique visual experiences. We connect brands with their potential customers , using audiovisual communication to transmit clear messages and enhance results.<\/p>\t\t\t\t\t\t\t\t<\/div>\n\t\t\t\t<\/div>\n\t\t\t\t\t<\/div>\n\t\t<\/div>\n\t\t\t\t\t<\/div>\n\t\t<\/section>\n\t\t\t\t<div class=\"elementor-element elementor-element-b9e672d gallery-spacing-custom elementor-invisible elementor-widget elementor-widget-image-gallery\" data-id=\"b9e672d\" data-element_type=\"widget\" data-e-type=\"widget\" data-settings=\"{&quot;_animation&quot;:&quot;fadeInUp&quot;}\" data-widget_type=\"image-gallery.default\">\n\t\t\t\t<div class=\"elementor-widget-container\">\n\t\t\t\t\t\t\t<div class=\"elementor-image-gallery\">\n\t\t\t<div id='gallery-1' class='gallery galleryid-1693 gallery-columns-3 gallery-size-large'><figure class='gallery-item'>\n\t\t\t<div class='gallery-icon landscape'>\n\t\t\t\t<a data-elementor-open-lightbox=\"yes\" data-elementor-lightbox-slideshow=\"b9e672d\" data-elementor-lightbox-title=\"Pixammo (12)\" data-e-action-hash=\"#elementor-action%3Aaction%3Dlightbox%26settings%3DeyJpZCI6MjQxNCwidXJsIjoiaHR0cHM6XC9cL3BpeGFtbW8uY29tXC93cC1jb250ZW50XC91cGxvYWRzXC8yMDI1XC8wN1wvUGl4YW1tby0xMi1zY2FsZWQuanBnIiwic2xpZGVzaG93IjoiYjllNjcyZCJ9\" href='https:\/\/pixammo.com\/wp-content\/uploads\/2025\/07\/Pixammo-12-scaled.jpg'><img fetchpriority=\"high\" decoding=\"async\" width=\"800\" height=\"600\" src=\"https:\/\/pixammo.com\/wp-content\/uploads\/2025\/07\/Pixammo-12-1024x768.jpg\" class=\"attachment-large size-large\" alt=\"\" srcset=\"https:\/\/pixammo.com\/wp-content\/uploads\/2025\/07\/Pixammo-12-1024x768.jpg 1024w, https:\/\/pixammo.com\/wp-content\/uploads\/2025\/07\/Pixammo-12-300x225.jpg 300w, https:\/\/pixammo.com\/wp-content\/uploads\/2025\/07\/Pixammo-12-768x576.jpg 768w, https:\/\/pixammo.com\/wp-content\/uploads\/2025\/07\/Pixammo-12-1536x1152.jpg 1536w, https:\/\/pixammo.com\/wp-content\/uploads\/2025\/07\/Pixammo-12-2048x1536.jpg 2048w, https:\/\/pixammo.com\/wp-content\/uploads\/2025\/07\/Pixammo-12-16x12.jpg 16w\" sizes=\"(max-width: 800px) 100vw, 800px\" \/><\/a>\n\t\t\t<\/div><\/figure><figure class='gallery-item'>\n\t\t\t<div class='gallery-icon landscape'>\n\t\t\t\t<a data-elementor-open-lightbox=\"yes\" data-elementor-lightbox-slideshow=\"b9e672d\" data-elementor-lightbox-title=\"Pixammo (14)\" data-e-action-hash=\"#elementor-action%3Aaction%3Dlightbox%26settings%3DeyJpZCI6MjQxNSwidXJsIjoiaHR0cHM6XC9cL3BpeGFtbW8uY29tXC93cC1jb250ZW50XC91cGxvYWRzXC8yMDI1XC8wN1wvUGl4YW1tby0xNC1zY2FsZWQuanBnIiwic2xpZGVzaG93IjoiYjllNjcyZCJ9\" href='https:\/\/pixammo.com\/wp-content\/uploads\/2025\/07\/Pixammo-14-scaled.jpg'><img decoding=\"async\" width=\"800\" height=\"600\" src=\"https:\/\/pixammo.com\/wp-content\/uploads\/2025\/07\/Pixammo-14-1024x768.jpg\" class=\"attachment-large size-large\" alt=\"\" srcset=\"https:\/\/pixammo.com\/wp-content\/uploads\/2025\/07\/Pixammo-14-1024x768.jpg 1024w, https:\/\/pixammo.com\/wp-content\/uploads\/2025\/07\/Pixammo-14-300x225.jpg 300w, https:\/\/pixammo.com\/wp-content\/uploads\/2025\/07\/Pixammo-14-768x576.jpg 768w, https:\/\/pixammo.com\/wp-content\/uploads\/2025\/07\/Pixammo-14-1536x1152.jpg 1536w, https:\/\/pixammo.com\/wp-content\/uploads\/2025\/07\/Pixammo-14-2048x1536.jpg 2048w, https:\/\/pixammo.com\/wp-content\/uploads\/2025\/07\/Pixammo-14-16x12.jpg 16w\" sizes=\"(max-width: 800px) 100vw, 800px\" \/><\/a>\n\t\t\t<\/div><\/figure><figure class='gallery-item'>\n\t\t\t<div class='gallery-icon landscape'>\n\t\t\t\t<a data-elementor-open-lightbox=\"yes\" data-elementor-lightbox-slideshow=\"b9e672d\" data-elementor-lightbox-title=\"Pixammo (19)\" data-e-action-hash=\"#elementor-action%3Aaction%3Dlightbox%26settings%3DeyJpZCI6MjQxNiwidXJsIjoiaHR0cHM6XC9cL3BpeGFtbW8uY29tXC93cC1jb250ZW50XC91cGxvYWRzXC8yMDI1XC8wN1wvUGl4YW1tby0xOS1zY2FsZWQuanBnIiwic2xpZGVzaG93IjoiYjllNjcyZCJ9\" href='https:\/\/pixammo.com\/wp-content\/uploads\/2025\/07\/Pixammo-19-scaled.jpg'><img decoding=\"async\" width=\"800\" height=\"600\" src=\"https:\/\/pixammo.com\/wp-content\/uploads\/2025\/07\/Pixammo-19-1024x768.jpg\" class=\"attachment-large size-large\" alt=\"\" srcset=\"https:\/\/pixammo.com\/wp-content\/uploads\/2025\/07\/Pixammo-19-1024x768.jpg 1024w, https:\/\/pixammo.com\/wp-content\/uploads\/2025\/07\/Pixammo-19-300x225.jpg 300w, https:\/\/pixammo.com\/wp-content\/uploads\/2025\/07\/Pixammo-19-768x576.jpg 768w, https:\/\/pixammo.com\/wp-content\/uploads\/2025\/07\/Pixammo-19-1536x1152.jpg 1536w, https:\/\/pixammo.com\/wp-content\/uploads\/2025\/07\/Pixammo-19-2048x1536.jpg 2048w, https:\/\/pixammo.com\/wp-content\/uploads\/2025\/07\/Pixammo-19-16x12.jpg 16w\" sizes=\"(max-width: 800px) 100vw, 800px\" \/><\/a>\n\t\t\t<\/div><\/figure><figure class='gallery-item'>\n\t\t\t<div class='gallery-icon landscape'>\n\t\t\t\t<a data-elementor-open-lightbox=\"yes\" data-elementor-lightbox-slideshow=\"b9e672d\" data-elementor-lightbox-title=\"Pixammo (21)\" data-e-action-hash=\"#elementor-action%3Aaction%3Dlightbox%26settings%3DeyJpZCI6MjQxNywidXJsIjoiaHR0cHM6XC9cL3BpeGFtbW8uY29tXC93cC1jb250ZW50XC91cGxvYWRzXC8yMDI1XC8wN1wvUGl4YW1tby0yMS1zY2FsZWQuanBnIiwic2xpZGVzaG93IjoiYjllNjcyZCJ9\" href='https:\/\/pixammo.com\/wp-content\/uploads\/2025\/07\/Pixammo-21-scaled.jpg'><img loading=\"lazy\" decoding=\"async\" width=\"800\" height=\"450\" src=\"https:\/\/pixammo.com\/wp-content\/uploads\/2025\/07\/Pixammo-21-1024x576.jpg\" class=\"attachment-large size-large\" alt=\"\" srcset=\"https:\/\/pixammo.com\/wp-content\/uploads\/2025\/07\/Pixammo-21-1024x576.jpg 1024w, https:\/\/pixammo.com\/wp-content\/uploads\/2025\/07\/Pixammo-21-300x169.jpg 300w, https:\/\/pixammo.com\/wp-content\/uploads\/2025\/07\/Pixammo-21-768x432.jpg 768w, https:\/\/pixammo.com\/wp-content\/uploads\/2025\/07\/Pixammo-21-1536x864.jpg 1536w, https:\/\/pixammo.com\/wp-content\/uploads\/2025\/07\/Pixammo-21-2048x1152.jpg 2048w, https:\/\/pixammo.com\/wp-content\/uploads\/2025\/07\/Pixammo-21-18x10.jpg 18w\" sizes=\"(max-width: 800px) 100vw, 800px\" \/><\/a>\n\t\t\t<\/div><\/figure><figure class='gallery-item'>\n\t\t\t<div class='gallery-icon landscape'>\n\t\t\t\t<a data-elementor-open-lightbox=\"yes\" data-elementor-lightbox-slideshow=\"b9e672d\" data-elementor-lightbox-title=\"4EB3F447-8E7E-4943-8E0A-AFCA2A767F84\" data-e-action-hash=\"#elementor-action%3Aaction%3Dlightbox%26settings%3DeyJpZCI6MjQxOSwidXJsIjoiaHR0cHM6XC9cL3BpeGFtbW8uY29tXC93cC1jb250ZW50XC91cGxvYWRzXC8yMDI1XC8wN1wvNEVCM0Y0NDctOEU3RS00OTQzLThFMEEtQUZDQTJBNzY3Rjg0LXNjYWxlZC5qcGciLCJzbGlkZXNob3ciOiJiOWU2NzJkIn0%3D\" href='https:\/\/pixammo.com\/wp-content\/uploads\/2025\/07\/4EB3F447-8E7E-4943-8E0A-AFCA2A767F84-scaled.jpg'><img loading=\"lazy\" decoding=\"async\" width=\"800\" height=\"450\" src=\"https:\/\/pixammo.com\/wp-content\/uploads\/2025\/07\/4EB3F447-8E7E-4943-8E0A-AFCA2A767F84-1024x576.jpg\" class=\"attachment-large size-large\" alt=\"\" srcset=\"https:\/\/pixammo.com\/wp-content\/uploads\/2025\/07\/4EB3F447-8E7E-4943-8E0A-AFCA2A767F84-1024x576.jpg 1024w, https:\/\/pixammo.com\/wp-content\/uploads\/2025\/07\/4EB3F447-8E7E-4943-8E0A-AFCA2A767F84-300x169.jpg 300w, https:\/\/pixammo.com\/wp-content\/uploads\/2025\/07\/4EB3F447-8E7E-4943-8E0A-AFCA2A767F84-768x432.jpg 768w, https:\/\/pixammo.com\/wp-content\/uploads\/2025\/07\/4EB3F447-8E7E-4943-8E0A-AFCA2A767F84-1536x864.jpg 1536w, https:\/\/pixammo.com\/wp-content\/uploads\/2025\/07\/4EB3F447-8E7E-4943-8E0A-AFCA2A767F84-2048x1152.jpg 2048w, https:\/\/pixammo.com\/wp-content\/uploads\/2025\/07\/4EB3F447-8E7E-4943-8E0A-AFCA2A767F84-18x10.jpg 18w\" sizes=\"(max-width: 800px) 100vw, 800px\" \/><\/a>\n\t\t\t<\/div><\/figure><figure class='gallery-item'>\n\t\t\t<div class='gallery-icon landscape'>\n\t\t\t\t<a data-elementor-open-lightbox=\"yes\" data-elementor-lightbox-slideshow=\"b9e672d\" data-elementor-lightbox-title=\"IMG_4122\" data-e-action-hash=\"#elementor-action%3Aaction%3Dlightbox%26settings%3DeyJpZCI6MjE2MSwidXJsIjoiaHR0cHM6XC9cL3BpeGFtbW8uY29tXC93cC1jb250ZW50XC91cGxvYWRzXC8yMDI1XC8wN1wvSU1HXzQxMjItc2NhbGVkLmpwZyIsInNsaWRlc2hvdyI6ImI5ZTY3MmQifQ%3D%3D\" href='https:\/\/pixammo.com\/wp-content\/uploads\/2025\/07\/IMG_4122-scaled.jpg'><img loading=\"lazy\" decoding=\"async\" width=\"800\" height=\"450\" src=\"https:\/\/pixammo.com\/wp-content\/uploads\/2025\/07\/IMG_4122-1024x576.jpg\" class=\"attachment-large size-large\" alt=\"\" srcset=\"https:\/\/pixammo.com\/wp-content\/uploads\/2025\/07\/IMG_4122-1024x576.jpg 1024w, https:\/\/pixammo.com\/wp-content\/uploads\/2025\/07\/IMG_4122-300x169.jpg 300w, https:\/\/pixammo.com\/wp-content\/uploads\/2025\/07\/IMG_4122-768x432.jpg 768w, https:\/\/pixammo.com\/wp-content\/uploads\/2025\/07\/IMG_4122-1536x864.jpg 1536w, https:\/\/pixammo.com\/wp-content\/uploads\/2025\/07\/IMG_4122-2048x1152.jpg 2048w, https:\/\/pixammo.com\/wp-content\/uploads\/2025\/07\/IMG_4122-18x10.jpg 18w\" sizes=\"(max-width: 800px) 100vw, 800px\" \/><\/a>\n\t\t\t<\/div><\/figure>\n\t\t<\/div>\n\t\t<\/div>\n\t\t\t\t\t\t<\/div>\n\t\t\t\t<\/div>\n\t\t\t\t\t<\/div>\n\t\t<\/div>\n\t\t\t\t\t<\/div>\n\t\t<\/section>\n\t\t<div class=\"elementor-element elementor-element-5a28eb59 e-flex e-con-boxed e-con e-parent\" data-id=\"5a28eb59\" data-element_type=\"container\" data-e-type=\"container\">\n\t\t\t\t\t<div class=\"e-con-inner\">\n\t\t\t\t<div class=\"elementor-element elementor-element-1c91f9e3 elementor-widget__width-auto elementor-fixed e-transform e-transform e-transform e-transform elementor-widget elementor-widget-button\" data-id=\"1c91f9e3\" data-element_type=\"widget\" data-e-type=\"widget\" data-settings=\"{&quot;_position&quot;:&quot;fixed&quot;,&quot;_animation&quot;:&quot;none&quot;,&quot;_transform_translateX_effect_hover&quot;:{&quot;unit&quot;:&quot;px&quot;,&quot;size&quot;:0,&quot;sizes&quot;:[]},&quot;_transform_translateY_effect_hover&quot;:{&quot;unit&quot;:&quot;px&quot;,&quot;size&quot;:0,&quot;sizes&quot;:[]},&quot;_transform_skewX_effect_hover&quot;:{&quot;unit&quot;:&quot;px&quot;,&quot;size&quot;:0,&quot;sizes&quot;:[]},&quot;_transform_skewY_effect_hover&quot;:{&quot;unit&quot;:&quot;px&quot;,&quot;size&quot;:0,&quot;sizes&quot;:[]},&quot;_transform_rotateZ_effect_hover&quot;:{&quot;unit&quot;:&quot;px&quot;,&quot;size&quot;:&quot;&quot;,&quot;sizes&quot;:[]},&quot;_transform_rotateZ_effect_hover_tablet&quot;:{&quot;unit&quot;:&quot;deg&quot;,&quot;size&quot;:&quot;&quot;,&quot;sizes&quot;:[]},&quot;_transform_rotateZ_effect_hover_mobile&quot;:{&quot;unit&quot;:&quot;deg&quot;,&quot;size&quot;:&quot;&quot;,&quot;sizes&quot;:[]},&quot;_transform_translateX_effect_hover_tablet&quot;:{&quot;unit&quot;:&quot;px&quot;,&quot;size&quot;:&quot;&quot;,&quot;sizes&quot;:[]},&quot;_transform_translateX_effect_hover_mobile&quot;:{&quot;unit&quot;:&quot;px&quot;,&quot;size&quot;:&quot;&quot;,&quot;sizes&quot;:[]},&quot;_transform_translateY_effect_hover_tablet&quot;:{&quot;unit&quot;:&quot;px&quot;,&quot;size&quot;:&quot;&quot;,&quot;sizes&quot;:[]},&quot;_transform_translateY_effect_hover_mobile&quot;:{&quot;unit&quot;:&quot;px&quot;,&quot;size&quot;:&quot;&quot;,&quot;sizes&quot;:[]},&quot;_transform_scale_effect_hover&quot;:{&quot;unit&quot;:&quot;px&quot;,&quot;size&quot;:&quot;&quot;,&quot;sizes&quot;:[]},&quot;_transform_scale_effect_hover_tablet&quot;:{&quot;unit&quot;:&quot;px&quot;,&quot;size&quot;:&quot;&quot;,&quot;sizes&quot;:[]},&quot;_transform_scale_effect_hover_mobile&quot;:{&quot;unit&quot;:&quot;px&quot;,&quot;size&quot;:&quot;&quot;,&quot;sizes&quot;:[]},&quot;_transform_skewX_effect_hover_tablet&quot;:{&quot;unit&quot;:&quot;deg&quot;,&quot;size&quot;:&quot;&quot;,&quot;sizes&quot;:[]},&quot;_transform_skewX_effect_hover_mobile&quot;:{&quot;unit&quot;:&quot;deg&quot;,&quot;size&quot;:&quot;&quot;,&quot;sizes&quot;:[]},&quot;_transform_skewY_effect_hover_tablet&quot;:{&quot;unit&quot;:&quot;deg&quot;,&quot;size&quot;:&quot;&quot;,&quot;sizes&quot;:[]},&quot;_transform_skewY_effect_hover_mobile&quot;:{&quot;unit&quot;:&quot;deg&quot;,&quot;size&quot;:&quot;&quot;,&quot;sizes&quot;:[]}}\" data-widget_type=\"button.default\">\n\t\t\t\t<div class=\"elementor-widget-container\">\n\t\t\t\t\t\t\t\t\t<div class=\"elementor-button-wrapper\">\n\t\t\t\t\t<a class=\"elementor-button elementor-button-link elementor-size-sm elementor-animation-grow\" href=\"https:\/\/wa.me\/573107590922?text=\u00a1Hola%20Pixammo!%20Necesito%20m\u00e1s%20informaci\u00f3n\" target=\"_blank\">\n\t\t\t\t\t\t<span class=\"elementor-button-content-wrapper\">\n\t\t\t\t\t\t<span class=\"elementor-button-icon\">\n\t\t\t\t<svg aria-hidden=\"true\" class=\"e-font-icon-svg e-fab-whatsapp\" viewbox=\"0 0 448 512\" xmlns=\"http:\/\/www.w3.org\/2000\/svg\"><path d=\"M380.9 97.1C339 55.1 283.2 32 223.9 32c-122.4 0-222 99.6-222 222 0 39.1 10.2 77.3 29.6 111L0 480l117.7-30.9c32.4 17.7 68.9 27 106.1 27h.1c122.3 0 224.1-99.6 224.1-222 0-59.3-25.2-115-67.1-157zm-157 341.6c-33.2 0-65.7-8.9-94-25.7l-6.7-4-69.8 18.3L72 359.2l-4.4-7c-18.5-29.4-28.2-63.3-28.2-98.2 0-101.7 82.8-184.5 184.6-184.5 49.3 0 95.6 19.2 130.4 54.1 34.8 34.9 56.2 81.2 56.1 130.5 0 101.8-84.9 184.6-186.6 184.6zm101.2-138.2c-5.5-2.8-32.8-16.2-37.9-18-5.1-1.9-8.8-2.8-12.5 2.8-3.7 5.6-14.3 18-17.6 21.8-3.2 3.7-6.5 4.2-12 1.4-32.6-16.3-54-29.1-75.5-66-5.7-9.8 5.7-9.1 16.3-30.3 1.8-3.7.9-6.9-.5-9.7-1.4-2.8-12.5-30.1-17.1-41.2-4.5-10.8-9.1-9.3-12.5-9.5-3.2-.2-6.9-.2-10.6-.2-3.7 0-9.7 1.4-14.8 6.9-5.1 5.6-19.4 19-19.4 46.3 0 27.3 19.9 53.7 22.6 57.4 2.8 3.7 39.1 59.7 94.8 83.8 35.2 15.2 49 16.5 66.6 13.9 10.7-1.6 32.8-13.4 37.4-26.4 4.6-13 4.6-24.1 3.2-26.4-1.3-2.5-5-3.9-10.5-6.6z\"><\/path><\/svg>\t\t\t<\/span>\n\t\t\t\t\t\t\t\t<\/span>\n\t\t\t\t\t<\/a>\n\t\t\t\t<\/div>\n\t\t\t\t\t\t\t\t<\/div>\n\t\t\t\t<\/div>\n\t\t\t\t\t<\/div>\n\t\t\t\t<\/div>\n\t\t\t\t<section class=\"elementor-section elementor-top-section elementor-element elementor-element-4bc7a9cb elementor-section-boxed elementor-section-height-default elementor-section-height-default\" data-id=\"4bc7a9cb\" data-element_type=\"section\" data-e-type=\"section\">\n\t\t\t\t\t\t<div class=\"elementor-container elementor-column-gap-default\">\n\t\t\t\t\t<div class=\"elementor-column elementor-col-100 elementor-top-column elementor-element elementor-element-42c3bbc elementor-invisible\" data-id=\"42c3bbc\" data-element_type=\"column\" data-e-type=\"column\" data-settings=\"{&quot;background_background&quot;:&quot;classic&quot;,&quot;animation&quot;:&quot;fadeInUp&quot;,&quot;animation_delay&quot;:100}\">\n\t\t\t<div class=\"elementor-widget-wrap elementor-element-populated\">\n\t\t\t\t\t<div class=\"elementor-background-overlay\"><\/div>\n\t\t\t\t\t\t<section class=\"elementor-section elementor-inner-section elementor-element elementor-element-26cfbdf7 elementor-section-boxed elementor-section-height-default elementor-section-height-default\" data-id=\"26cfbdf7\" data-element_type=\"section\" data-e-type=\"section\">\n\t\t\t\t\t\t<div class=\"elementor-container elementor-column-gap-default\">\n\t\t\t\t\t<div class=\"elementor-column elementor-col-50 elementor-inner-column elementor-element elementor-element-3f4f3c37\" data-id=\"3f4f3c37\" data-element_type=\"column\" data-e-type=\"column\">\n\t\t\t<div class=\"elementor-widget-wrap elementor-element-populated\">\n\t\t\t\t\t\t<div class=\"elementor-element elementor-element-44a3275a animated-slow elementor-invisible elementor-widget elementor-widget-heading\" data-id=\"44a3275a\" data-element_type=\"widget\" data-e-type=\"widget\" data-settings=\"{&quot;_animation&quot;:&quot;fadeInUp&quot;,&quot;_animation_delay&quot;:200}\" data-widget_type=\"heading.default\">\n\t\t\t\t<div class=\"elementor-widget-container\">\n\t\t\t\t\t<h2 class=\"elementor-heading-title elementor-size-default\">Contact us and start telling inspiring stories.<\/h2>\t\t\t\t<\/div>\n\t\t\t\t<\/div>\n\t\t\t\t<div class=\"elementor-element elementor-element-11419e52 animated-slow elementor-invisible elementor-widget elementor-widget-heading\" data-id=\"11419e52\" data-element_type=\"widget\" data-e-type=\"widget\" data-settings=\"{&quot;_animation&quot;:&quot;fadeInUp&quot;,&quot;_animation_delay&quot;:200}\" data-widget_type=\"heading.default\">\n\t\t\t\t<div class=\"elementor-widget-container\">\n\t\t\t\t\t<h4 class=\"elementor-heading-title elementor-size-default\">Let's shape your idea. <\/h4>\t\t\t\t<\/div>\n\t\t\t\t<\/div>\n\t\t\t\t\t<\/div>\n\t\t<\/div>\n\t\t\t\t<div class=\"elementor-column elementor-col-50 elementor-inner-column elementor-element elementor-element-48a8f82d\" data-id=\"48a8f82d\" data-element_type=\"column\" data-e-type=\"column\">\n\t\t\t<div class=\"elementor-widget-wrap elementor-element-populated\">\n\t\t\t\t\t\t<div class=\"elementor-element elementor-element-3a57bfe8 elementor-align-right elementor-mobile-align-center animated-slow elementor-invisible elementor-widget elementor-widget-button\" data-id=\"3a57bfe8\" data-element_type=\"widget\" data-e-type=\"widget\" data-settings=\"{&quot;_animation&quot;:&quot;fadeInUp&quot;,&quot;_animation_delay&quot;:300}\" data-widget_type=\"button.default\">\n\t\t\t\t<div class=\"elementor-widget-container\">\n\t\t\t\t\t\t\t\t\t<div class=\"elementor-button-wrapper\">\n\t\t\t\t\t<a class=\"elementor-button elementor-button-link elementor-size-sm elementor-animation-float\" href=\"https:\/\/wa.me\/573107590922?text=\u00a1Hola%20Pixammo!%20Necesito%20m\u00e1s%20informaci\u00f3n\" target=\"_blank\">\n\t\t\t\t\t\t<span class=\"elementor-button-content-wrapper\">\n\t\t\t\t\t\t\t\t\t<span class=\"elementor-button-text\">Ask for a quote!<\/span>\n\t\t\t\t\t<\/span>\n\t\t\t\t\t<\/a>\n\t\t\t\t<\/div>\n\t\t\t\t\t\t\t\t<\/div>\n\t\t\t\t<\/div>\n\t\t\t\t\t<\/div>\n\t\t<\/div>\n\t\t\t\t\t<\/div>\n\t\t<\/section>\n\t\t\t\t\t<\/div>\n\t\t<\/div>\n\t\t\t\t\t<\/div>\n\t\t<\/section>\n\t\t\t\t<\/div>","protected":false},"excerpt":{"rendered":"<p>Nosotros Sobre Pixammo Proyectos que inspiran En Pixammo Studio\u2019s, fusionamos talento, creatividad y visi\u00f3n para transformar tus ideas en experiencias visuales \u00fanicas. Conectamos marcas con sus clientes potenciales calificados de manera aut\u00e9ntica, usando la comunicaci\u00f3n audiovisual como el puente perfecto para transmitir mensajes claros y potenciar tus resultados. Conecta con nosotros y empieza a contar [&hellip;]<\/p>\n","protected":false},"author":2,"featured_media":0,"parent":0,"menu_order":0,"comment_status":"closed","ping_status":"closed","template":"elementor_header_footer","meta":{"footnotes":""},"class_list":["post-1693","page","type-page","status-publish","hentry"],"_links":{"self":[{"href":"https:\/\/pixammo.com\/en\/wp-json\/wp\/v2\/pages\/1693","targetHints":{"allow":["GET"]}}],"collection":[{"href":"https:\/\/pixammo.com\/en\/wp-json\/wp\/v2\/pages"}],"about":[{"href":"https:\/\/pixammo.com\/en\/wp-json\/wp\/v2\/types\/page"}],"author":[{"embeddable":true,"href":"https:\/\/pixammo.com\/en\/wp-json\/wp\/v2\/users\/2"}],"replies":[{"embeddable":true,"href":"https:\/\/pixammo.com\/en\/wp-json\/wp\/v2\/comments?post=1693"}],"version-history":[{"count":23,"href":"https:\/\/pixammo.com\/en\/wp-json\/wp\/v2\/pages\/1693\/revisions"}],"predecessor-version":[{"id":2564,"href":"https:\/\/pixammo.com\/en\/wp-json\/wp\/v2\/pages\/1693\/revisions\/2564"}],"wp:attachment":[{"href":"https:\/\/pixammo.com\/en\/wp-json\/wp\/v2\/media?parent=1693"}],"curies":[{"name":"wp","href":"https:\/\/api.w.org\/{rel}","templated":true}]}}